{"id":8070,"date":"2025-02-27T17:19:47","date_gmt":"2025-02-27T14:19:47","guid":{"rendered":"https:\/\/pomasfriet.com\/?page_id=8070"},"modified":"2025-03-07T17:18:05","modified_gmt":"2025-03-07T14:18:05","slug":"classic-hot-dog","status":"publish","type":"page","link":"https:\/\/pomasfriet.com\/tr\/classic-hot-dog\/","title":{"rendered":"CLASS\u0130C HOT DOG"},"content":{"rendered":"\t\t<div data-elementor-type=\"wp-page\" data-elementor-id=\"8070\" class=\"elementor elementor-8070\">\n\t\t\t\t\t\t<section class=\"elementor-section elementor-top-section elementor-element elementor-element-2a077c24 elementor-section-height-min-height elementor-section-boxed elementor-section-height-default elementor-section-items-middle\" data-id=\"2a077c24\" data-element_type=\"section\" data-settings=\"{&quot;background_background&quot;:&quot;classic&quot;}\">\n\t\t\t\t\t\t<div class=\"elementor-container elementor-column-gap-default\">\n\t\t\t\t\t<div class=\"elementor-column elementor-col-100 elementor-top-column elementor-element elementor-element-150a52c2\" data-id=\"150a52c2\" data-element_type=\"column\">\n\t\t\t<div class=\"elementor-widget-wrap elementor-element-populated\">\n\t\t\t\t\t\t<div class=\"elementor-element elementor-element-437d2e39 elementor-widget elementor-widget-ld_promo\" data-id=\"437d2e39\" data-element_type=\"widget\" data-widget_type=\"ld_promo.default\">\n\t\t\t\t<div class=\"elementor-widget-container\">\n\t\t\t\t\t\n\t\t<div id=\"lqd-promo-437d2e39\" class=\"lqd-promo-wrap pos-rel lqd-promo-default\">\n\t\t\t<div class=\"lqd-promo-inner d-flex pos-rel\">\n\n\t\t\t\t<div class=\"lqd-promo-dynamic-shape d-block pos-abs z-index-0\" data-dynamic-shape=\"true\">\n\t\t\t\t<svg class=\"scene\" width=\"100%\" height=\"100%\" viewbox=\"0 0 650 650\">\n\t\t\t\t<path\n\t\t\t\t\td=\"M717.349,515.468 C693.326,625.562 595.298,708.000 478.000,708.000 C351.735,708.000 247.793,612.479 234.460,489.760 C104.042,484.237 -0.000,376.777 -0.000,245.000 C-0.000,109.690 109.690,-0.000 245.000,-0.000 C330.697,-0.000 406.103,44.009 449.889,110.648 C481.742,95.493 517.376,87.000 555.000,87.000 C690.310,87.000 800.000,196.690 800.000,332.000 C800.000,405.029 768.036,470.582 717.349,515.468 Z\"\n\t\t\t\t\tpathdata:id=\"\n\t\t\t\t\tM565.540,489.760 C552.207,612.479 448.265,708.000 322.000,708.000 C204.702,708.000 106.675,625.562 82.651,515.468 C31.964,470.582 -0.000,405.029 -0.000,332.000 C-0.000,196.690 109.690,87.000 245.000,87.000 C282.624,87.000 318.258,95.493 350.111,110.649 C393.897,44.009 469.303,0.000 555.000,0.000 C690.310,0.000 800.000,109.690 800.000,245.000 C800.000,376.777 695.958,484.238 565.540,489.760 Z\"\n\t\t\t\t\/>\n\t\t\t\t<\/svg>\n\t\t\t<\/div>\t\t\t\t\n\t\t\t\t<div class=\"lqd-promo-img d-flex flex-column justify-content-center\">\n\t\t\t\t\t<div class=\"lqd-promo-img-inner overflow-hidden\" data-reveal=\"true\" data-reveal-options='{ \"direction\": \"rl\", \"bgcolor\": \"#FFFFFF\", \"revealSettings\": { \"onCoverAnimations\": [ {\"scale\": 2}, {\"scale\": 1} ] } }'>\n\t\t\t\t\t\t<figure><img fetchpriority=\"high\" decoding=\"async\" width=\"2500\" height=\"2500\" src=\"https:\/\/pomasfriet.com\/wp-content\/uploads\/2025\/02\/c-min.jpg\" class=\"w-100\" alt=\"Classic Hot Dog\" srcset=\"https:\/\/pomasfriet.com\/wp-content\/uploads\/2025\/02\/c-min.jpg 2500w, https:\/\/pomasfriet.com\/wp-content\/uploads\/2025\/02\/c-min-300x300.jpg 300w, https:\/\/pomasfriet.com\/wp-content\/uploads\/2025\/02\/c-min-1024x1024.jpg 1024w, https:\/\/pomasfriet.com\/wp-content\/uploads\/2025\/02\/c-min-150x150.jpg 150w, https:\/\/pomasfriet.com\/wp-content\/uploads\/2025\/02\/c-min-1536x1536.jpg 1536w, https:\/\/pomasfriet.com\/wp-content\/uploads\/2025\/02\/c-min-2048x2048.jpg 2048w, https:\/\/pomasfriet.com\/wp-content\/uploads\/2025\/02\/c-min-320x320.jpg 320w, https:\/\/pomasfriet.com\/wp-content\/uploads\/2025\/02\/c-min-760x760.jpg 760w\" sizes=\"(max-width: 2500px) 100vw, 2500px\" \/><\/figure>\t\t\t\t\t\t\t\t\t\t\t<\/div>\n\t\t\t\t<\/div>\n\n\t\t\t\t<div class=\"lqd-promo-content d-flex flex-column align-items-start justify-content-center\">\n\t\t\t\t\t<div\n\t\t\t\t\t\tclass=\"lqd-promo-content-inner\"\n\t\t\t\t\t\tdata-custom-animations=\"true\"\n\t\t\t\t\t\tdata-ca-options='{ \"triggerHandler\": \"inview\", \"animationTarget\": \".lqd-chars .split-inner, .lqd-lines .split-inner, .elementor-button\", \"duration\": 650, \"startDelay\": 150, \"delay\": 50, \"initValues\": { \"translateY\": 30, \"opacity\": 0 }, \"animations\": { \"translateY\": 0, \"opacity\": 1 } }'\n\t\t\t\t\t>\n\t\t\t\t\t\t<h2\n\t\t\t\tclass=\"lqd-promo-title \"\n\t\t\t\tdata-split-text=\"true\"\n\t\t\t\tdata-split-options='{ \"type\": \"chars, words\" }'\n\t\t\t>Classic Hot Dog<\/h2>\t\t\t\t\t\t<p\n\t\t\t\tdata-split-text=\"true\"\n\t\t\t\tdata-split-options='{ \"type\": \"lines\" }'\n\t\t\t><b>Malzemeler:<\/b> 90g f\u00fcme bratwurst sosis, tereya\u011fl\u0131 bulut ekme\u011fi, tur\u015fu, \u00e7\u0131t\u0131r so\u011fan, karamelize so\u011fan, ket\u00e7ap, mayonez, hardal<br>\n<b>Kalori Bilgisi:<\/b> 465-480kcal<br>\n<b>Karbonhidrat:<\/b> 40g<br>\n<b>Protein:<\/b> 24g<br>\n<b>Ya\u011f:<\/b> 30g<br><\/p>\t\t\t\t\t\t\t\t\t\t\t<\/div>\n\n\t\t\t\t<\/div>\n\n\t\t\t<\/div>\n\t\t<\/div>\n\t\t\t\t\t\t<\/div>\n\t\t\t\t<\/div>\n\t\t\t\t\t<\/div>\n\t\t<\/div>\n\t\t\t\t\t<\/div>\n\t\t<\/section>\n\t\t\t\t<\/div>\n\t\t","protected":false},"excerpt":{"rendered":"<p>Classic Hot Dog Malzemeler: 90g f\u00fcme bratwurst sosis, tereya\u011fl\u0131 bulut ekme\u011fi, tur\u015fu, \u00e7\u0131t\u0131r so\u011fan, karamelize so\u011fan, ket\u00e7ap, mayonez, hardal Kalori Bilgisi: 465-480kcal Karbonhidrat: 40g Protein: 24g Ya\u011f: 30g<\/p>\n","protected":false},"author":2,"featured_media":0,"parent":0,"menu_order":0,"comment_status":"closed","ping_status":"closed","template":"","meta":{"footnotes":""},"class_list":["post-8070","page","type-page","status-publish","hentry"],"_links":{"self":[{"href":"https:\/\/pomasfriet.com\/tr\/wp-json\/wp\/v2\/pages\/8070","targetHints":{"allow":["GET"]}}],"collection":[{"href":"https:\/\/pomasfriet.com\/tr\/wp-json\/wp\/v2\/pages"}],"about":[{"href":"https:\/\/pomasfriet.com\/tr\/wp-json\/wp\/v2\/types\/page"}],"author":[{"embeddable":true,"href":"https:\/\/pomasfriet.com\/tr\/wp-json\/wp\/v2\/users\/2"}],"replies":[{"embeddable":true,"href":"https:\/\/pomasfriet.com\/tr\/wp-json\/wp\/v2\/comments?post=8070"}],"version-history":[{"count":0,"href":"https:\/\/pomasfriet.com\/tr\/wp-json\/wp\/v2\/pages\/8070\/revisions"}],"wp:attachment":[{"href":"https:\/\/pomasfriet.com\/tr\/wp-json\/wp\/v2\/media?parent=8070"}],"curies":[{"name":"wp","href":"https:\/\/api.w.org\/{rel}","templated":true}]}}