{"id":8050,"date":"2025-02-27T17:16:28","date_gmt":"2025-02-27T14:16:28","guid":{"rendered":"https:\/\/pomasfriet.com\/?page_id=8050"},"modified":"2025-03-07T17:45:43","modified_gmt":"2025-03-07T14:45:43","slug":"pomas-ozel","status":"publish","type":"page","link":"https:\/\/pomasfriet.com\/tr\/pomas-ozel\/","title":{"rendered":"POMAS \u00d6ZEL"},"content":{"rendered":"\t\t<div data-elementor-type=\"wp-page\" data-elementor-id=\"8050\" class=\"elementor elementor-8050\">\n\t\t\t\t\t\t<section class=\"elementor-section elementor-top-section elementor-element elementor-element-2a077c24 elementor-section-height-min-height elementor-section-boxed elementor-section-height-default elementor-section-items-middle\" data-id=\"2a077c24\" data-element_type=\"section\" data-settings=\"{&quot;background_background&quot;:&quot;classic&quot;}\">\n\t\t\t\t\t\t<div class=\"elementor-container elementor-column-gap-default\">\n\t\t\t\t\t<div class=\"elementor-column elementor-col-100 elementor-top-column elementor-element elementor-element-150a52c2\" data-id=\"150a52c2\" data-element_type=\"column\">\n\t\t\t<div class=\"elementor-widget-wrap elementor-element-populated\">\n\t\t\t\t\t\t<div class=\"elementor-element elementor-element-39311f2 elementor-widget elementor-widget-ld_promo\" data-id=\"39311f2\" data-element_type=\"widget\" data-widget_type=\"ld_promo.default\">\n\t\t\t\t<div class=\"elementor-widget-container\">\n\t\t\t\t\t\n\t\t<div id=\"lqd-promo-39311f2\" class=\"lqd-promo-wrap pos-rel lqd-promo-default\">\n\t\t\t<div class=\"lqd-promo-inner d-flex pos-rel\">\n\n\t\t\t\t\t\t\t\t\n\t\t\t\t<div class=\"lqd-promo-img d-flex flex-column justify-content-center\">\n\t\t\t\t\t<div class=\"lqd-promo-img-inner overflow-hidden\" data-reveal=\"true\" data-reveal-options='{ \"direction\": \"rl\", \"bgcolor\": \"#FFFFFF\", \"revealSettings\": { \"onCoverAnimations\": [ {\"scale\": 2}, {\"scale\": 1} ] } }'>\n\t\t\t\t\t\t<figure><img fetchpriority=\"high\" decoding=\"async\" width=\"2500\" height=\"2500\" src=\"https:\/\/pomasfriet.com\/wp-content\/uploads\/2025\/03\/i-min.jpg\" class=\"w-100\" alt=\"Pomas \u00d6zel\" srcset=\"https:\/\/pomasfriet.com\/wp-content\/uploads\/2025\/03\/i-min.jpg 2500w, https:\/\/pomasfriet.com\/wp-content\/uploads\/2025\/03\/i-min-300x300.jpg 300w, https:\/\/pomasfriet.com\/wp-content\/uploads\/2025\/03\/i-min-1024x1024.jpg 1024w, https:\/\/pomasfriet.com\/wp-content\/uploads\/2025\/03\/i-min-150x150.jpg 150w, https:\/\/pomasfriet.com\/wp-content\/uploads\/2025\/03\/i-min-1536x1536.jpg 1536w, https:\/\/pomasfriet.com\/wp-content\/uploads\/2025\/03\/i-min-2048x2048.jpg 2048w, https:\/\/pomasfriet.com\/wp-content\/uploads\/2025\/03\/i-min-320x320.jpg 320w, https:\/\/pomasfriet.com\/wp-content\/uploads\/2025\/03\/i-min-760x760.jpg 760w\" sizes=\"(max-width: 2500px) 100vw, 2500px\" \/><\/figure>\t\t\t\t\t\t\t\t\t\t\t<\/div>\n\t\t\t\t<\/div>\n\n\t\t\t\t<div class=\"lqd-promo-content d-flex flex-column align-items-start justify-content-center\">\n\t\t\t\t\t<div\n\t\t\t\t\t\tclass=\"lqd-promo-content-inner\"\n\t\t\t\t\t\tdata-custom-animations=\"true\"\n\t\t\t\t\t\tdata-ca-options='{ \"triggerHandler\": \"inview\", \"animationTarget\": \".lqd-chars .split-inner, .lqd-lines .split-inner, .elementor-button\", \"duration\": 650, \"startDelay\": 150, \"delay\": 50, \"initValues\": { \"translateY\": 30, \"opacity\": 0 }, \"animations\": { \"translateY\": 0, \"opacity\": 1 } }'\n\t\t\t\t\t>\n\t\t\t\t\t\t<h2\n\t\t\t\tclass=\"lqd-promo-title \"\n\t\t\t\tdata-split-text=\"true\"\n\t\t\t\tdata-split-options='{ \"type\": \"chars, words\" }'\n\t\t\t>Pomas \u00d6zel<\/h2>\t\t\t\t\t\t<p\n\t\t\t\tdata-split-text=\"true\"\n\t\t\t\tdata-split-options='{ \"type\": \"lines\" }'\n\t\t\t>\n\n<b>A\u011f\u0131rl\u0131k:<\/b> 250g<br>\n<b>Malzemeler:<\/b> Churros kesim Pomas patatesleri, tr\u00fcf mayonez par\u00e7alar\u0131, cheddar sosu ve \u00f6zel sos<br>\n<b>Kalori Bilgisi:<\/b> 668-832kcal<br>\n<b>Karbonhidrat:<\/b> 62.5-83g<br>\n<b>Protein:<\/b> 10-11.9g<br>\n<b>Ya\u011f:<\/b> 47.5-55g<br><\/p>\t\t\t\t\t\t\t\t\t\t\t<\/div>\n\n\t\t\t\t<\/div>\n\n\t\t\t<\/div>\n\t\t<\/div>\n\t\t\t\t\t\t<\/div>\n\t\t\t\t<\/div>\n\t\t\t\t\t<\/div>\n\t\t<\/div>\n\t\t\t\t\t<\/div>\n\t\t<\/section>\n\t\t\t\t<\/div>\n\t\t","protected":false},"excerpt":{"rendered":"<p>Pomas \u00d6zel A\u011f\u0131rl\u0131k: 250g Malzemeler: Churros kesim Pomas patatesleri, tr\u00fcf mayonez par\u00e7alar\u0131, cheddar sosu ve \u00f6zel sos Kalori Bilgisi: 668-832kcal Karbonhidrat: 62.5-83g Protein: 10-11.9g Ya\u011f: 47.5-55g<\/p>\n","protected":false},"author":2,"featured_media":0,"parent":0,"menu_order":0,"comment_status":"closed","ping_status":"closed","template":"","meta":{"footnotes":""},"class_list":["post-8050","page","type-page","status-publish","hentry"],"_links":{"self":[{"href":"https:\/\/pomasfriet.com\/tr\/wp-json\/wp\/v2\/pages\/8050","targetHints":{"allow":["GET"]}}],"collection":[{"href":"https:\/\/pomasfriet.com\/tr\/wp-json\/wp\/v2\/pages"}],"about":[{"href":"https:\/\/pomasfriet.com\/tr\/wp-json\/wp\/v2\/types\/page"}],"author":[{"embeddable":true,"href":"https:\/\/pomasfriet.com\/tr\/wp-json\/wp\/v2\/users\/2"}],"replies":[{"embeddable":true,"href":"https:\/\/pomasfriet.com\/tr\/wp-json\/wp\/v2\/comments?post=8050"}],"version-history":[{"count":0,"href":"https:\/\/pomasfriet.com\/tr\/wp-json\/wp\/v2\/pages\/8050\/revisions"}],"wp:attachment":[{"href":"https:\/\/pomasfriet.com\/tr\/wp-json\/wp\/v2\/media?parent=8050"}],"curies":[{"name":"wp","href":"https:\/\/api.w.org\/{rel}","templated":true}]}}