{"id":7008,"date":"2024-12-08T17:10:55","date_gmt":"2024-12-08T14:10:55","guid":{"rendered":"https:\/\/pomasfriet.com\/?page_id=7008"},"modified":"2025-03-07T17:30:38","modified_gmt":"2025-03-07T14:30:38","slug":"menu-pomas","status":"publish","type":"page","link":"https:\/\/pomasfriet.com\/tr\/menu-pomas\/","title":{"rendered":"Men\u00fc POMAS"},"content":{"rendered":"\t\t<div data-elementor-type=\"wp-page\" data-elementor-id=\"7008\" class=\"elementor elementor-7008\">\n\t\t\t\t\t\t<section class=\"elementor-section elementor-top-section elementor-element elementor-element-2a077c24 elementor-section-height-min-height elementor-section-boxed elementor-section-height-default elementor-section-items-middle\" data-id=\"2a077c24\" data-element_type=\"section\" data-settings=\"{&quot;background_background&quot;:&quot;classic&quot;}\">\n\t\t\t\t\t\t<div class=\"elementor-container elementor-column-gap-default\">\n\t\t\t\t\t<div class=\"elementor-column elementor-col-100 elementor-top-column elementor-element elementor-element-150a52c2\" data-id=\"150a52c2\" data-element_type=\"column\">\n\t\t\t<div class=\"elementor-widget-wrap elementor-element-populated\">\n\t\t\t\t\t\t<div class=\"elementor-element elementor-element-437d2e39 elementor-widget elementor-widget-ld_promo\" data-id=\"437d2e39\" data-element_type=\"widget\" data-widget_type=\"ld_promo.default\">\n\t\t\t\t<div class=\"elementor-widget-container\">\n\t\t\t\t\t\n\t\t<div id=\"lqd-promo-437d2e39\" class=\"lqd-promo-wrap pos-rel lqd-promo-default\">\n\t\t\t<div class=\"lqd-promo-inner d-flex pos-rel\">\n\n\t\t\t\t\t\t\t\t\n\t\t\t\t<div class=\"lqd-promo-img d-flex flex-column justify-content-center\">\n\t\t\t\t\t<div class=\"lqd-promo-img-inner overflow-hidden\" data-reveal=\"true\" data-reveal-options='{ \"direction\": \"rl\", \"bgcolor\": \"#FFFFFF\", \"revealSettings\": { \"onCoverAnimations\": [ {\"scale\": 2}, {\"scale\": 1} ] } }'>\n\t\t\t\t\t\t<figure><img fetchpriority=\"high\" decoding=\"async\" width=\"2048\" height=\"2048\" src=\"https:\/\/pomasfriet.com\/wp-content\/uploads\/2025\/02\/sade-patates-2048x2048-1.jpg\" class=\"w-100\" alt=\"Pomas\" srcset=\"https:\/\/pomasfriet.com\/wp-content\/uploads\/2025\/02\/sade-patates-2048x2048-1.jpg 2048w, https:\/\/pomasfriet.com\/wp-content\/uploads\/2025\/02\/sade-patates-2048x2048-1-300x300.jpg 300w, https:\/\/pomasfriet.com\/wp-content\/uploads\/2025\/02\/sade-patates-2048x2048-1-1024x1024.jpg 1024w, https:\/\/pomasfriet.com\/wp-content\/uploads\/2025\/02\/sade-patates-2048x2048-1-150x150.jpg 150w\" sizes=\"(max-width: 2048px) 100vw, 2048px\" \/><\/figure>\t\t\t\t\t\t\t\t\t\t\t<\/div>\n\t\t\t\t<\/div>\n\n\t\t\t\t<div class=\"lqd-promo-content d-flex flex-column align-items-start justify-content-center\">\n\t\t\t\t\t<div\n\t\t\t\t\t\tclass=\"lqd-promo-content-inner\"\n\t\t\t\t\t\tdata-custom-animations=\"true\"\n\t\t\t\t\t\tdata-ca-options='{ \"triggerHandler\": \"inview\", \"animationTarget\": \".lqd-chars .split-inner, .lqd-lines .split-inner, .elementor-button\", \"duration\": 650, \"startDelay\": 150, \"delay\": 50, \"initValues\": { \"translateY\": 30, \"opacity\": 0 }, \"animations\": { \"translateY\": 0, \"opacity\": 1 } }'\n\t\t\t\t\t>\n\t\t\t\t\t\t<h2\n\t\t\t\tclass=\"lqd-promo-title \"\n\t\t\t\tdata-split-text=\"true\"\n\t\t\t\tdata-split-options='{ \"type\": \"chars, words\" }'\n\t\t\t>Pomas<\/h2>\t\t\t\t\t\t<p\n\t\t\t\tdata-split-text=\"true\"\n\t\t\t\tdata-split-options='{ \"type\": \"lines\" }'\n\t\t\t><b>A\u011f\u0131rl\u0131k:<\/b> 250g<br>\n<b>Malzemeler:<\/b> Churros kesim Pomas patatesleri<br>\n<b>Kalori Bilgisi:<\/b> 468-624kcal<br>\n<b>Karbonhidrat:<\/b> 61.5-82g<br>\n<b>Protein:<\/b> 5.1-6.8g<br>\n<b>Ya\u011f:<\/b> 22.5-30g<br><\/p>\t\t\t\t\t\t\t\t\t\t\t<\/div>\n\n\t\t\t\t<\/div>\n\n\t\t\t<\/div>\n\t\t<\/div>\n\t\t\t\t\t\t<\/div>\n\t\t\t\t<\/div>\n\t\t\t\t\t<\/div>\n\t\t<\/div>\n\t\t\t\t\t<\/div>\n\t\t<\/section>\n\t\t\t\t<\/div>\n\t\t","protected":false},"excerpt":{"rendered":"<p>Pomas A\u011f\u0131rl\u0131k: 250g Malzemeler: Churros kesim Pomas patatesleri Kalori Bilgisi: 468-624kcal Karbonhidrat: 61.5-82g Protein: 5.1-6.8g Ya\u011f: 22.5-30g<\/p>\n","protected":false},"author":2,"featured_media":0,"parent":0,"menu_order":0,"comment_status":"closed","ping_status":"closed","template":"","meta":{"footnotes":""},"class_list":["post-7008","page","type-page","status-publish","hentry"],"_links":{"self":[{"href":"https:\/\/pomasfriet.com\/tr\/wp-json\/wp\/v2\/pages\/7008","targetHints":{"allow":["GET"]}}],"collection":[{"href":"https:\/\/pomasfriet.com\/tr\/wp-json\/wp\/v2\/pages"}],"about":[{"href":"https:\/\/pomasfriet.com\/tr\/wp-json\/wp\/v2\/types\/page"}],"author":[{"embeddable":true,"href":"https:\/\/pomasfriet.com\/tr\/wp-json\/wp\/v2\/users\/2"}],"replies":[{"embeddable":true,"href":"https:\/\/pomasfriet.com\/tr\/wp-json\/wp\/v2\/comments?post=7008"}],"version-history":[{"count":0,"href":"https:\/\/pomasfriet.com\/tr\/wp-json\/wp\/v2\/pages\/7008\/revisions"}],"wp:attachment":[{"href":"https:\/\/pomasfriet.com\/tr\/wp-json\/wp\/v2\/media?parent=7008"}],"curies":[{"name":"wp","href":"https:\/\/api.w.org\/{rel}","templated":true}]}}