{"id":6992,"date":"2024-12-08T16:44:25","date_gmt":"2024-12-08T13:44:25","guid":{"rendered":"https:\/\/pomasfriet.com\/?page_id=6992"},"modified":"2025-04-02T15:53:55","modified_gmt":"2025-04-02T12:53:55","slug":"subelerimiz","status":"publish","type":"page","link":"https:\/\/pomasfriet.com\/tr\/subelerimiz\/","title":{"rendered":"\u015eubelerimiz"},"content":{"rendered":"\t\t<div data-elementor-type=\"wp-page\" data-elementor-id=\"6992\" class=\"elementor elementor-6992\">\n\t\t\t\t<div class=\"elementor-element elementor-element-b912fc3 e-flex e-con-boxed e-con e-parent\" data-id=\"b912fc3\" data-element_type=\"container\" data-settings=\"{&quot;background_background&quot;:&quot;classic&quot;}\">\n\t\t\t\t\t<div class=\"e-con-inner\">\n\t\t\t\t<div class=\"elementor-element elementor-element-4081499 elementor-widget elementor-widget-hub_fancy_heading\" data-id=\"4081499\" data-element_type=\"widget\" data-widget_type=\"hub_fancy_heading.default\">\n\t\t\t\t<div class=\"elementor-widget-container\">\n\t\t\t\t\t\n\t\t<div id=\"ld-fancy-heading-69f60b954c289\" class=\"ld-fancy-heading pos-rel\">\n\t\t\t<h2 class=\"ld-fh-element d-inline-block pos-rel  elementor-heading-title lqd-highlight-classic lqd-highlight-grow-left h2\"  > \u015eUBELER\u0130M\u0130Z<\/h2>\t\t<\/div>\n\n\t\t\t\t\t\t<\/div>\n\t\t\t\t<\/div>\n\t\t\t\t<div class=\"elementor-element elementor-element-54d5643 elementor-widget elementor-widget-hub_fancy_heading\" data-id=\"54d5643\" data-element_type=\"widget\" data-widget_type=\"hub_fancy_heading.default\">\n\t\t\t\t<div class=\"elementor-widget-container\">\n\t\t\t\t\t\n\t\t<div id=\"ld-fancy-heading-69f60b954c4f2\" class=\"ld-fancy-heading pos-rel\">\n\t\t\t<h2 class=\"ld-fh-element d-inline-block pos-rel  elementor-heading-title lqd-highlight-classic lqd-highlight-grow-left h2\"  > Pomas, \u0130stanbul, Antalya ve Samsun'un farkl\u0131 noktalar\u0131ndaki lokasyonlar\u0131yla sizi bekliyor. Nerede olursan\u0131z olun, her zaman yak\u0131n\u0131n\u0131zday\u0131z, damak tad\u0131n\u0131z\u0131 en \u00e7\u0131t\u0131r patates k\u0131zartmas\u0131 ve daha fazlas\u0131yla tatmin etmeye haz\u0131r\u0131z...\n<\/h2>\t\t<\/div>\n\n\t\t\t\t\t\t<\/div>\n\t\t\t\t<\/div>\n\t\t\t\t\t<\/div>\n\t\t\t\t<\/div>\n\t\t<div class=\"elementor-element elementor-element-567edf8 e-flex e-con-boxed e-con e-parent\" data-id=\"567edf8\" data-element_type=\"container\">\n\t\t\t\t\t<div class=\"e-con-inner\">\n\t\t<div class=\"elementor-element elementor-element-24385e6 e-con-full e-flex e-con e-child\" data-id=\"24385e6\" data-element_type=\"container\" data-settings=\"{&quot;background_background&quot;:&quot;classic&quot;}\">\n\t\t\t\t<div class=\"elementor-element elementor-element-a644a63 elementor-widget elementor-widget-image\" data-id=\"a644a63\" data-element_type=\"widget\" data-widget_type=\"image.default\">\n\t\t\t\t<div class=\"elementor-widget-container\">\n\t\t\t\t\t\t\t\t\t\t\t\t\t\t\t<img fetchpriority=\"high\" decoding=\"async\" width=\"770\" height=\"1024\" src=\"https:\/\/pomasfriet.com\/wp-content\/uploads\/2025\/02\/besiktas-770x1024.jpg\" class=\"attachment-large size-large wp-image-8133\" alt=\"\" srcset=\"https:\/\/pomasfriet.com\/wp-content\/uploads\/2025\/02\/besiktas-770x1024.jpg 770w, https:\/\/pomasfriet.com\/wp-content\/uploads\/2025\/02\/besiktas-226x300.jpg 226w, https:\/\/pomasfriet.com\/wp-content\/uploads\/2025\/02\/besiktas.jpg 1029w\" sizes=\"(max-width: 770px) 100vw, 770px\" \/>\t\t\t\t\t\t\t\t\t\t\t\t\t\t\t<\/div>\n\t\t\t\t<\/div>\n\t\t\t\t<div class=\"elementor-element elementor-element-cd5a837 elementor-widget elementor-widget-hub_fancy_heading\" data-id=\"cd5a837\" data-element_type=\"widget\" data-widget_type=\"hub_fancy_heading.default\">\n\t\t\t\t<div class=\"elementor-widget-container\">\n\t\t\t\t\t\n\t\t<div id=\"ld-fancy-heading-69f60b954c6a9\" class=\"ld-fancy-heading pos-rel\">\n\t\t\t<h2 class=\"ld-fh-element d-inline-block pos-rel  elementor-heading-title lqd-highlight-classic lqd-highlight-grow-left h2\"  > Cihann\u00fcma<br> Barbaros Blv. No: 8\/B, 34353 <br>Be\u015fikta\u015f\/\u0130STANBUL<\/h2>\t\t<\/div>\n\n\t\t\t\t\t\t<\/div>\n\t\t\t\t<\/div>\n\t\t\t\t<\/div>\n\t\t<div class=\"elementor-element elementor-element-12fa350 e-con-full e-flex e-con e-child\" data-id=\"12fa350\" data-element_type=\"container\" data-settings=\"{&quot;background_background&quot;:&quot;classic&quot;}\">\n\t\t\t\t<div class=\"elementor-element elementor-element-34e42af elementor-widget elementor-widget-image\" data-id=\"34e42af\" data-element_type=\"widget\" data-widget_type=\"image.default\">\n\t\t\t\t<div class=\"elementor-widget-container\">\n\t\t\t\t\t\t\t\t\t\t\t\t\t\t\t<img decoding=\"async\" width=\"770\" height=\"1024\" src=\"https:\/\/pomasfriet.com\/wp-content\/uploads\/2025\/02\/acarkent-770x1024.jpg\" class=\"attachment-large size-large wp-image-8139\" alt=\"\" srcset=\"https:\/\/pomasfriet.com\/wp-content\/uploads\/2025\/02\/acarkent-770x1024.jpg 770w, https:\/\/pomasfriet.com\/wp-content\/uploads\/2025\/02\/acarkent-226x300.jpg 226w, https:\/\/pomasfriet.com\/wp-content\/uploads\/2025\/02\/acarkent.jpg 1029w\" sizes=\"(max-width: 770px) 100vw, 770px\" \/>\t\t\t\t\t\t\t\t\t\t\t\t\t\t\t<\/div>\n\t\t\t\t<\/div>\n\t\t\t\t<div class=\"elementor-element elementor-element-d9c839f elementor-widget elementor-widget-hub_fancy_heading\" data-id=\"d9c839f\" data-element_type=\"widget\" data-widget_type=\"hub_fancy_heading.default\">\n\t\t\t\t<div class=\"elementor-widget-container\">\n\t\t\t\t\t\n\t\t<div id=\"ld-fancy-heading-69f60b954c856\" class=\"ld-fancy-heading pos-rel\">\n\t\t\t<h2 class=\"ld-fh-element d-inline-block pos-rel  elementor-heading-title lqd-highlight-classic lqd-highlight-grow-left h2\"  >  Coliseum Acarkent <br> K\u0131s\u0131m, 9. Cd. No:1 Sitesi 3, 34820 <br>Beykoz\/\u0130STANBUL<\/h2>\t\t<\/div>\n\n\t\t\t\t\t\t<\/div>\n\t\t\t\t<\/div>\n\t\t\t\t<\/div>\n\t\t<div class=\"elementor-element elementor-element-6ae32af e-con-full e-flex e-con e-child\" data-id=\"6ae32af\" data-element_type=\"container\" data-settings=\"{&quot;background_background&quot;:&quot;classic&quot;}\">\n\t\t\t\t<div class=\"elementor-element elementor-element-3854a77 elementor-widget elementor-widget-image\" data-id=\"3854a77\" data-element_type=\"widget\" data-widget_type=\"image.default\">\n\t\t\t\t<div class=\"elementor-widget-container\">\n\t\t\t\t\t\t\t\t\t\t\t\t\t\t\t<img decoding=\"async\" width=\"770\" height=\"1024\" src=\"https:\/\/pomasfriet.com\/wp-content\/uploads\/2025\/02\/samsun-770x1024.jpg\" class=\"attachment-large size-large wp-image-8134\" alt=\"\" srcset=\"https:\/\/pomasfriet.com\/wp-content\/uploads\/2025\/02\/samsun-770x1024.jpg 770w, https:\/\/pomasfriet.com\/wp-content\/uploads\/2025\/02\/samsun-226x300.jpg 226w, https:\/\/pomasfriet.com\/wp-content\/uploads\/2025\/02\/samsun.jpg 1029w\" sizes=\"(max-width: 770px) 100vw, 770px\" \/>\t\t\t\t\t\t\t\t\t\t\t\t\t\t\t<\/div>\n\t\t\t\t<\/div>\n\t\t\t\t<div class=\"elementor-element elementor-element-c931c93 elementor-widget elementor-widget-hub_fancy_heading\" data-id=\"c931c93\" data-element_type=\"widget\" data-widget_type=\"hub_fancy_heading.default\">\n\t\t\t\t<div class=\"elementor-widget-container\">\n\t\t\t\t\t\n\t\t<div id=\"ld-fancy-heading-69f60b954c9f8\" class=\"ld-fancy-heading pos-rel\">\n\t\t\t<h2 class=\"ld-fh-element d-inline-block pos-rel  elementor-heading-title lqd-highlight-classic lqd-highlight-grow-left h2\"  > K\u00f6rfez<br>Mehmet \u00c7ak\u0131r Cd. No:9\/3, 55270 <br>Atakum\/SAMSUN<\/h2>\t\t<\/div>\n\n\t\t\t\t\t\t<\/div>\n\t\t\t\t<\/div>\n\t\t\t\t<\/div>\n\t\t<div class=\"elementor-element elementor-element-5e36373 e-con-full e-flex e-con e-child\" data-id=\"5e36373\" data-element_type=\"container\" data-settings=\"{&quot;background_background&quot;:&quot;classic&quot;}\">\n\t\t\t\t<div class=\"elementor-element elementor-element-9914294 elementor-widget elementor-widget-image\" data-id=\"9914294\" data-element_type=\"widget\" data-widget_type=\"image.default\">\n\t\t\t\t<div class=\"elementor-widget-container\">\n\t\t\t\t\t\t\t\t\t\t\t\t\t\t\t<img loading=\"lazy\" decoding=\"async\" width=\"770\" height=\"1024\" src=\"https:\/\/pomasfriet.com\/wp-content\/uploads\/2025\/02\/treecty-antalya-770x1024.jpg\" class=\"attachment-large size-large wp-image-8135\" alt=\"\" srcset=\"https:\/\/pomasfriet.com\/wp-content\/uploads\/2025\/02\/treecty-antalya-770x1024.jpg 770w, https:\/\/pomasfriet.com\/wp-content\/uploads\/2025\/02\/treecty-antalya-226x300.jpg 226w, https:\/\/pomasfriet.com\/wp-content\/uploads\/2025\/02\/treecty-antalya.jpg 1029w\" sizes=\"(max-width: 770px) 100vw, 770px\" \/>\t\t\t\t\t\t\t\t\t\t\t\t\t\t\t<\/div>\n\t\t\t\t<\/div>\n\t\t\t\t<div class=\"elementor-element elementor-element-fa4ba27 elementor-widget elementor-widget-hub_fancy_heading\" data-id=\"fa4ba27\" data-element_type=\"widget\" data-widget_type=\"hub_fancy_heading.default\">\n\t\t\t\t<div class=\"elementor-widget-container\">\n\t\t\t\t\t\n\t\t<div id=\"ld-fancy-heading-69f60b954cba0\" class=\"ld-fancy-heading pos-rel\">\n\t\t\t<h2 class=\"ld-fh-element d-inline-block pos-rel  elementor-heading-title lqd-highlight-classic lqd-highlight-grow-left h2\"  > TerraCity - Fener<br>Tekelio\u011flu Cd. No:55, 07160 <br>Muratpa\u015fa\/ANTALYA<\/h2>\t\t<\/div>\n\n\t\t\t\t\t\t<\/div>\n\t\t\t\t<\/div>\n\t\t\t\t<\/div>\n\t\t\t\t\t<\/div>\n\t\t\t\t<\/div>\n\t\t<div class=\"elementor-element elementor-element-b585260 e-flex e-con-boxed e-con e-parent\" data-id=\"b585260\" data-element_type=\"container\">\n\t\t\t\t\t<div class=\"e-con-inner\">\n\t\t\t\t<div class=\"elementor-element elementor-element-bf1bdb1 elementor-widget elementor-widget-spacer\" data-id=\"bf1bdb1\" data-element_type=\"widget\" data-widget_type=\"spacer.default\">\n\t\t\t\t<div class=\"elementor-widget-container\">\n\t\t\t\t\t\t\t<div class=\"elementor-spacer\">\n\t\t\t<div class=\"elementor-spacer-inner\"><\/div>\n\t\t<\/div>\n\t\t\t\t\t\t<\/div>\n\t\t\t\t<\/div>\n\t\t\t\t\t<\/div>\n\t\t\t\t<\/div>\n\t\t\t\t<\/div>\n\t\t","protected":false},"excerpt":{"rendered":"<p>\u015eUBELER\u0130M\u0130Z Pomas, \u0130stanbul, Antalya ve Samsun&#8217;un farkl\u0131 noktalar\u0131ndaki lokasyonlar\u0131yla sizi bekliyor. Nerede olursan\u0131z olun, her zaman yak\u0131n\u0131n\u0131zday\u0131z, damak tad\u0131n\u0131z\u0131 en \u00e7\u0131t\u0131r patates k\u0131zartmas\u0131 ve daha fazlas\u0131yla tatmin etmeye haz\u0131r\u0131z&#8230; Cihann\u00fcma Barbaros Blv. No: 8\/B, 34353 Be\u015fikta\u015f\/\u0130STANBUL Coliseum Acarkent K\u0131s\u0131m, 9. Cd. No:1 Sitesi 3, 34820 Beykoz\/\u0130STANBUL K\u00f6rfezMehmet \u00c7ak\u0131r Cd. No:9\/3, 55270 Atakum\/SAMSUN TerraCity &#8211; FenerTekelio\u011flu [&hellip;]<\/p>\n","protected":false},"author":2,"featured_media":0,"parent":0,"menu_order":0,"comment_status":"closed","ping_status":"closed","template":"","meta":{"footnotes":""},"class_list":["post-6992","page","type-page","status-publish","hentry"],"_links":{"self":[{"href":"https:\/\/pomasfriet.com\/tr\/wp-json\/wp\/v2\/pages\/6992","targetHints":{"allow":["GET"]}}],"collection":[{"href":"https:\/\/pomasfriet.com\/tr\/wp-json\/wp\/v2\/pages"}],"about":[{"href":"https:\/\/pomasfriet.com\/tr\/wp-json\/wp\/v2\/types\/page"}],"author":[{"embeddable":true,"href":"https:\/\/pomasfriet.com\/tr\/wp-json\/wp\/v2\/users\/2"}],"replies":[{"embeddable":true,"href":"https:\/\/pomasfriet.com\/tr\/wp-json\/wp\/v2\/comments?post=6992"}],"version-history":[{"count":0,"href":"https:\/\/pomasfriet.com\/tr\/wp-json\/wp\/v2\/pages\/6992\/revisions"}],"wp:attachment":[{"href":"https:\/\/pomasfriet.com\/tr\/wp-json\/wp\/v2\/media?parent=6992"}],"curies":[{"name":"wp","href":"https:\/\/api.w.org\/{rel}","templated":true}]}}