{"id":6990,"date":"2024-12-08T16:42:49","date_gmt":"2024-12-08T13:42:49","guid":{"rendered":"https:\/\/pomasfriet.com\/?page_id=6990"},"modified":"2025-03-07T18:03:22","modified_gmt":"2025-03-07T15:03:22","slug":"menu","status":"publish","type":"page","link":"https:\/\/pomasfriet.com\/tr\/menu\/","title":{"rendered":"Menu"},"content":{"rendered":"\t\t<div data-elementor-type=\"wp-page\" data-elementor-id=\"6990\" class=\"elementor elementor-6990\">\n\t\t\t\t<div class=\"elementor-element elementor-element-3d0dfe2 e-flex e-con-boxed e-con e-parent\" data-id=\"3d0dfe2\" data-element_type=\"container\" data-settings=\"{&quot;background_background&quot;:&quot;classic&quot;}\">\n\t\t\t\t\t<div class=\"e-con-inner\">\n\t\t\t\t<div class=\"elementor-element elementor-element-ab920cf elementor-widget elementor-widget-hub_fancy_heading\" data-id=\"ab920cf\" data-element_type=\"widget\" data-widget_type=\"hub_fancy_heading.default\">\n\t\t\t\t<div class=\"elementor-widget-container\">\n\t\t\t\t\t\n\t\t<div id=\"ld-fancy-heading-69f605a8156fe\" class=\"ld-fancy-heading pos-rel\">\n\t\t\t<h2 class=\"ld-fh-element d-inline-block pos-rel  elementor-heading-title lqd-highlight-classic lqd-highlight-grow-left h2\"  > Pomas Men\u00fc\n\n\n\n\n\n\n<\/h2>\t\t<\/div>\n\n\t\t\t\t\t\t<\/div>\n\t\t\t\t<\/div>\n\t\t\t\t\t<\/div>\n\t\t\t\t<\/div>\n\t\t<div class=\"elementor-element elementor-element-b19a136 e-con-full e-flex e-con e-parent\" data-id=\"b19a136\" data-element_type=\"container\">\n\t\t<div class=\"elementor-element elementor-element-b648537 e-grid e-con-full e-con e-child\" data-id=\"b648537\" data-element_type=\"container\">\n\t\t<div class=\"elementor-element elementor-element-2f404f4 e-con-full e-flex e-con e-child\" data-id=\"2f404f4\" data-element_type=\"container\">\n\t\t\t\t<div class=\"elementor-element elementor-element-fb408fd elementor-widget elementor-widget-image\" data-id=\"fb408fd\" data-element_type=\"widget\" data-widget_type=\"image.default\">\n\t\t\t\t<div class=\"elementor-widget-container\">\n\t\t\t\t\t\t\t\t\t\t\t\t\t\t\t<img fetchpriority=\"high\" decoding=\"async\" width=\"780\" height=\"780\" src=\"https:\/\/pomasfriet.com\/wp-content\/uploads\/2025\/02\/sade-patates-1024x1024.jpg\" class=\"attachment-large size-large wp-image-7705\" alt=\"\" srcset=\"https:\/\/pomasfriet.com\/wp-content\/uploads\/2025\/02\/sade-patates-1024x1024.jpg 1024w, https:\/\/pomasfriet.com\/wp-content\/uploads\/2025\/02\/sade-patates-300x300.jpg 300w, https:\/\/pomasfriet.com\/wp-content\/uploads\/2025\/02\/sade-patates-150x150.jpg 150w, https:\/\/pomasfriet.com\/wp-content\/uploads\/2025\/02\/sade-patates-1536x1536.jpg 1536w, https:\/\/pomasfriet.com\/wp-content\/uploads\/2025\/02\/sade-patates-2048x2048.jpg 2048w, https:\/\/pomasfriet.com\/wp-content\/uploads\/2025\/02\/sade-patates-320x320.jpg 320w, https:\/\/pomasfriet.com\/wp-content\/uploads\/2025\/02\/sade-patates-760x760.jpg 760w\" sizes=\"(max-width: 780px) 100vw, 780px\" \/>\t\t\t\t\t\t\t\t\t\t\t\t\t\t\t<\/div>\n\t\t\t\t<\/div>\n\t\t\t\t<div class=\"elementor-element elementor-element-fd8b425 elementor-widget elementor-widget-ld_button\" data-id=\"fd8b425\" data-element_type=\"widget\" data-widget_type=\"ld_button.default\">\n\t\t\t\t<div class=\"elementor-widget-container\">\n\t\t\t\t\t\n\t\t\t<a\n\t\t\t\thref=\"https:\/\/pomasfriet.com\/tr\/menu-pomas\/\"class=\"elementor-button btn btn-solid btn-block btn-icon-shaped btn-has-label\"\t\t\t>\n\t\t\t\t\t\t\t\t\t<span data-text=\"Detaylar\u0131 G\u00f6r\u00fcnt\u00fcle\" class=\"btn-txt\">\n\t\t\t\t\t\tDetaylar\u0131 G\u00f6r\u00fcnt\u00fcle\t\t\t\t\t<\/span>\n\t\t\t\t\t\t\t\t\t\t\t<\/a>\n\t\t\t\t\t\t\t<\/div>\n\t\t\t\t<\/div>\n\t\t\t\t<\/div>\n\t\t<div class=\"elementor-element elementor-element-47f6b97 e-con-full e-flex e-con e-child\" data-id=\"47f6b97\" data-element_type=\"container\">\n\t\t\t\t<div class=\"elementor-element elementor-element-bfddb3f elementor-widget elementor-widget-image\" data-id=\"bfddb3f\" data-element_type=\"widget\" data-widget_type=\"image.default\">\n\t\t\t\t<div class=\"elementor-widget-container\">\n\t\t\t\t\t\t\t\t\t\t\t\t\t\t\t<img decoding=\"async\" width=\"780\" height=\"780\" src=\"https:\/\/pomasfriet.com\/wp-content\/uploads\/2025\/03\/i-min-1024x1024.jpg\" class=\"attachment-large size-large wp-image-8458\" alt=\"\" srcset=\"https:\/\/pomasfriet.com\/wp-content\/uploads\/2025\/03\/i-min-1024x1024.jpg 1024w, https:\/\/pomasfriet.com\/wp-content\/uploads\/2025\/03\/i-min-300x300.jpg 300w, https:\/\/pomasfriet.com\/wp-content\/uploads\/2025\/03\/i-min-150x150.jpg 150w, https:\/\/pomasfriet.com\/wp-content\/uploads\/2025\/03\/i-min-1536x1536.jpg 1536w, https:\/\/pomasfriet.com\/wp-content\/uploads\/2025\/03\/i-min-2048x2048.jpg 2048w, https:\/\/pomasfriet.com\/wp-content\/uploads\/2025\/03\/i-min-320x320.jpg 320w, https:\/\/pomasfriet.com\/wp-content\/uploads\/2025\/03\/i-min-760x760.jpg 760w\" sizes=\"(max-width: 780px) 100vw, 780px\" \/>\t\t\t\t\t\t\t\t\t\t\t\t\t\t\t<\/div>\n\t\t\t\t<\/div>\n\t\t\t\t<div class=\"elementor-element elementor-element-067843f elementor-widget elementor-widget-ld_button\" data-id=\"067843f\" data-element_type=\"widget\" data-widget_type=\"ld_button.default\">\n\t\t\t\t<div class=\"elementor-widget-container\">\n\t\t\t\t\t\n\t\t\t<a\n\t\t\t\thref=\"https:\/\/pomasfriet.com\/tr\/pomas-ozel\/\"class=\"elementor-button btn btn-solid btn-block btn-icon-shaped btn-has-label\"\t\t\t>\n\t\t\t\t\t\t\t\t\t<span data-text=\"Detaylar\u0131 G\u00f6r\u00fcnt\u00fcle\" class=\"btn-txt\">\n\t\t\t\t\t\tDetaylar\u0131 G\u00f6r\u00fcnt\u00fcle\t\t\t\t\t<\/span>\n\t\t\t\t\t\t\t\t\t\t\t<\/a>\n\t\t\t\t\t\t\t<\/div>\n\t\t\t\t<\/div>\n\t\t\t\t<\/div>\n\t\t<div class=\"elementor-element elementor-element-ef361dc e-con-full e-flex e-con e-child\" data-id=\"ef361dc\" data-element_type=\"container\">\n\t\t\t\t<div class=\"elementor-element elementor-element-a46aca8 elementor-widget elementor-widget-image\" data-id=\"a46aca8\" data-element_type=\"widget\" data-widget_type=\"image.default\">\n\t\t\t\t<div class=\"elementor-widget-container\">\n\t\t\t\t\t\t\t\t\t\t\t\t\t\t\t<img decoding=\"async\" width=\"780\" height=\"780\" src=\"https:\/\/pomasfriet.com\/wp-content\/uploads\/2025\/02\/Cheddar-Soslu-Patates--1024x1024.jpg\" class=\"attachment-large size-large wp-image-7702\" alt=\"\" srcset=\"https:\/\/pomasfriet.com\/wp-content\/uploads\/2025\/02\/Cheddar-Soslu-Patates--1024x1024.jpg 1024w, https:\/\/pomasfriet.com\/wp-content\/uploads\/2025\/02\/Cheddar-Soslu-Patates--300x300.jpg 300w, https:\/\/pomasfriet.com\/wp-content\/uploads\/2025\/02\/Cheddar-Soslu-Patates--150x150.jpg 150w, https:\/\/pomasfriet.com\/wp-content\/uploads\/2025\/02\/Cheddar-Soslu-Patates--1536x1536.jpg 1536w, https:\/\/pomasfriet.com\/wp-content\/uploads\/2025\/02\/Cheddar-Soslu-Patates--2048x2048.jpg 2048w, https:\/\/pomasfriet.com\/wp-content\/uploads\/2025\/02\/Cheddar-Soslu-Patates--320x320.jpg 320w, https:\/\/pomasfriet.com\/wp-content\/uploads\/2025\/02\/Cheddar-Soslu-Patates--760x760.jpg 760w\" sizes=\"(max-width: 780px) 100vw, 780px\" \/>\t\t\t\t\t\t\t\t\t\t\t\t\t\t\t<\/div>\n\t\t\t\t<\/div>\n\t\t\t\t<div class=\"elementor-element elementor-element-1e6fa6a elementor-widget elementor-widget-ld_button\" data-id=\"1e6fa6a\" data-element_type=\"widget\" data-widget_type=\"ld_button.default\">\n\t\t\t\t<div class=\"elementor-widget-container\">\n\t\t\t\t\t\n\t\t\t<a\n\t\t\t\thref=\"https:\/\/pomasfriet.com\/tr\/pomas-trufcheddar\/\"class=\"elementor-button btn btn-solid btn-block btn-icon-shaped btn-has-label\"\t\t\t>\n\t\t\t\t\t\t\t\t\t<span data-text=\"Detaylar\u0131 G\u00f6r\u00fcnt\u00fcle\" class=\"btn-txt\">\n\t\t\t\t\t\tDetaylar\u0131 G\u00f6r\u00fcnt\u00fcle\t\t\t\t\t<\/span>\n\t\t\t\t\t\t\t\t\t\t\t<\/a>\n\t\t\t\t\t\t\t<\/div>\n\t\t\t\t<\/div>\n\t\t\t\t<\/div>\n\t\t<div class=\"elementor-element elementor-element-bc41aa5 e-con-full e-flex e-con e-child\" data-id=\"bc41aa5\" data-element_type=\"container\">\n\t\t\t\t<div class=\"elementor-element elementor-element-58290ad elementor-widget elementor-widget-image\" data-id=\"58290ad\" data-element_type=\"widget\" data-widget_type=\"image.default\">\n\t\t\t\t<div class=\"elementor-widget-container\">\n\t\t\t\t\t\t\t\t\t\t\t\t\t\t\t<img loading=\"lazy\" decoding=\"async\" width=\"780\" height=\"780\" src=\"https:\/\/pomasfriet.com\/wp-content\/uploads\/2025\/02\/Churros-1024x1024.jpg\" class=\"attachment-large size-large wp-image-7704\" alt=\"\" srcset=\"https:\/\/pomasfriet.com\/wp-content\/uploads\/2025\/02\/Churros-1024x1024.jpg 1024w, https:\/\/pomasfriet.com\/wp-content\/uploads\/2025\/02\/Churros-300x300.jpg 300w, https:\/\/pomasfriet.com\/wp-content\/uploads\/2025\/02\/Churros-150x150.jpg 150w, https:\/\/pomasfriet.com\/wp-content\/uploads\/2025\/02\/Churros-2048x2048.jpg 2048w, https:\/\/pomasfriet.com\/wp-content\/uploads\/2025\/02\/Churros-320x320.jpg 320w, https:\/\/pomasfriet.com\/wp-content\/uploads\/2025\/02\/Churros-760x760.jpg 760w, https:\/\/pomasfriet.com\/wp-content\/uploads\/2025\/02\/Churros-1536x1536.jpg 1536w\" sizes=\"(max-width: 780px) 100vw, 780px\" \/>\t\t\t\t\t\t\t\t\t\t\t\t\t\t\t<\/div>\n\t\t\t\t<\/div>\n\t\t\t\t<div class=\"elementor-element elementor-element-778fe52 elementor-widget elementor-widget-ld_button\" data-id=\"778fe52\" data-element_type=\"widget\" data-widget_type=\"ld_button.default\">\n\t\t\t\t<div class=\"elementor-widget-container\">\n\t\t\t\t\t\n\t\t\t<a\n\t\t\t\thref=\"https:\/\/pomasfriet.com\/tr\/pomas-churros\/\"class=\"elementor-button btn btn-solid btn-block btn-icon-shaped btn-has-label\"\t\t\t>\n\t\t\t\t\t\t\t\t\t<span data-text=\"Detaylar\u0131 G\u00f6r\u00fcnt\u00fcle\" class=\"btn-txt\">\n\t\t\t\t\t\tDetaylar\u0131 G\u00f6r\u00fcnt\u00fcle\t\t\t\t\t<\/span>\n\t\t\t\t\t\t\t\t\t\t\t<\/a>\n\t\t\t\t\t\t\t<\/div>\n\t\t\t\t<\/div>\n\t\t\t\t<\/div>\n\t\t<div class=\"elementor-element elementor-element-87442bd e-con-full e-flex e-con e-child\" data-id=\"87442bd\" data-element_type=\"container\">\n\t\t\t\t<div class=\"elementor-element elementor-element-2a21382 elementor-widget elementor-widget-image\" data-id=\"2a21382\" data-element_type=\"widget\" data-widget_type=\"image.default\">\n\t\t\t\t<div class=\"elementor-widget-container\">\n\t\t\t\t\t\t\t\t\t\t\t\t\t\t\t<img loading=\"lazy\" decoding=\"async\" width=\"780\" height=\"780\" src=\"https:\/\/pomasfriet.com\/wp-content\/uploads\/2025\/02\/b-min-1024x1024.jpg\" class=\"attachment-large size-large wp-image-8148\" alt=\"\" srcset=\"https:\/\/pomasfriet.com\/wp-content\/uploads\/2025\/02\/b-min-1024x1024.jpg 1024w, https:\/\/pomasfriet.com\/wp-content\/uploads\/2025\/02\/b-min-300x300.jpg 300w, https:\/\/pomasfriet.com\/wp-content\/uploads\/2025\/02\/b-min-150x150.jpg 150w, https:\/\/pomasfriet.com\/wp-content\/uploads\/2025\/02\/b-min-2048x2048.jpg 2048w, https:\/\/pomasfriet.com\/wp-content\/uploads\/2025\/02\/b-min-320x320.jpg 320w, https:\/\/pomasfriet.com\/wp-content\/uploads\/2025\/02\/b-min-760x760.jpg 760w, https:\/\/pomasfriet.com\/wp-content\/uploads\/2025\/02\/b-min-1536x1536.jpg 1536w\" sizes=\"(max-width: 780px) 100vw, 780px\" \/>\t\t\t\t\t\t\t\t\t\t\t\t\t\t\t<\/div>\n\t\t\t\t<\/div>\n\t\t\t\t<div class=\"elementor-element elementor-element-0a01df4 elementor-widget elementor-widget-ld_button\" data-id=\"0a01df4\" data-element_type=\"widget\" data-widget_type=\"ld_button.default\">\n\t\t\t\t<div class=\"elementor-widget-container\">\n\t\t\t\t\t\n\t\t\t<a\n\t\t\t\thref=\"https:\/\/pomasfriet.com\/tr\/pomas-burger\/\"class=\"elementor-button btn btn-solid btn-block btn-icon-shaped btn-has-label\"\t\t\t>\n\t\t\t\t\t\t\t\t\t<span data-text=\"Detaylar\u0131 G\u00f6r\u00fcnt\u00fcle\" class=\"btn-txt\">\n\t\t\t\t\t\tDetaylar\u0131 G\u00f6r\u00fcnt\u00fcle\t\t\t\t\t<\/span>\n\t\t\t\t\t\t\t\t\t\t\t<\/a>\n\t\t\t\t\t\t\t<\/div>\n\t\t\t\t<\/div>\n\t\t\t\t<\/div>\n\t\t<div class=\"elementor-element elementor-element-4120b45 e-con-full e-flex e-con e-child\" data-id=\"4120b45\" data-element_type=\"container\">\n\t\t\t\t<div class=\"elementor-element elementor-element-58e212a elementor-widget elementor-widget-image\" data-id=\"58e212a\" data-element_type=\"widget\" data-widget_type=\"image.default\">\n\t\t\t\t<div class=\"elementor-widget-container\">\n\t\t\t\t\t\t\t\t\t\t\t\t\t\t\t<img loading=\"lazy\" decoding=\"async\" width=\"780\" height=\"780\" src=\"https:\/\/pomasfriet.com\/wp-content\/uploads\/2025\/02\/a-min-1024x1024.jpg\" class=\"attachment-large size-large wp-image-8147\" alt=\"\" srcset=\"https:\/\/pomasfriet.com\/wp-content\/uploads\/2025\/02\/a-min-1024x1024.jpg 1024w, https:\/\/pomasfriet.com\/wp-content\/uploads\/2025\/02\/a-min-300x300.jpg 300w, https:\/\/pomasfriet.com\/wp-content\/uploads\/2025\/02\/a-min-150x150.jpg 150w, https:\/\/pomasfriet.com\/wp-content\/uploads\/2025\/02\/a-min-1536x1536.jpg 1536w, https:\/\/pomasfriet.com\/wp-content\/uploads\/2025\/02\/a-min-2048x2048.jpg 2048w, https:\/\/pomasfriet.com\/wp-content\/uploads\/2025\/02\/a-min-320x320.jpg 320w, https:\/\/pomasfriet.com\/wp-content\/uploads\/2025\/02\/a-min-760x760.jpg 760w\" sizes=\"(max-width: 780px) 100vw, 780px\" \/>\t\t\t\t\t\t\t\t\t\t\t\t\t\t\t<\/div>\n\t\t\t\t<\/div>\n\t\t\t\t<div class=\"elementor-element elementor-element-d17e7d9 elementor-widget elementor-widget-ld_button\" data-id=\"d17e7d9\" data-element_type=\"widget\" data-widget_type=\"ld_button.default\">\n\t\t\t\t<div class=\"elementor-widget-container\">\n\t\t\t\t\t\n\t\t\t<a\n\t\t\t\thref=\"https:\/\/pomasfriet.com\/tr\/truf-burger\/\"class=\"elementor-button btn btn-solid btn-block btn-icon-shaped btn-has-label\"\t\t\t>\n\t\t\t\t\t\t\t\t\t<span data-text=\"Detaylar\u0131 G\u00f6r\u00fcnt\u00fcle\" class=\"btn-txt\">\n\t\t\t\t\t\tDetaylar\u0131 G\u00f6r\u00fcnt\u00fcle\t\t\t\t\t<\/span>\n\t\t\t\t\t\t\t\t\t\t\t<\/a>\n\t\t\t\t\t\t\t<\/div>\n\t\t\t\t<\/div>\n\t\t\t\t<\/div>\n\t\t<div class=\"elementor-element elementor-element-8141fec e-con-full e-flex e-con e-child\" data-id=\"8141fec\" data-element_type=\"container\">\n\t\t\t\t<div class=\"elementor-element elementor-element-5fc4c52 elementor-widget elementor-widget-image\" data-id=\"5fc4c52\" data-element_type=\"widget\" data-widget_type=\"image.default\">\n\t\t\t\t<div class=\"elementor-widget-container\">\n\t\t\t\t\t\t\t\t\t\t\t\t\t\t\t<img loading=\"lazy\" decoding=\"async\" width=\"780\" height=\"780\" src=\"https:\/\/pomasfriet.com\/wp-content\/uploads\/2025\/02\/d-min-1024x1024.jpg\" class=\"attachment-large size-large wp-image-8144\" alt=\"\" srcset=\"https:\/\/pomasfriet.com\/wp-content\/uploads\/2025\/02\/d-min-1024x1024.jpg 1024w, https:\/\/pomasfriet.com\/wp-content\/uploads\/2025\/02\/d-min-300x300.jpg 300w, https:\/\/pomasfriet.com\/wp-content\/uploads\/2025\/02\/d-min-150x150.jpg 150w, https:\/\/pomasfriet.com\/wp-content\/uploads\/2025\/02\/d-min-1536x1536.jpg 1536w, https:\/\/pomasfriet.com\/wp-content\/uploads\/2025\/02\/d-min-2048x2048.jpg 2048w, https:\/\/pomasfriet.com\/wp-content\/uploads\/2025\/02\/d-min-320x320.jpg 320w, https:\/\/pomasfriet.com\/wp-content\/uploads\/2025\/02\/d-min-760x760.jpg 760w\" sizes=\"(max-width: 780px) 100vw, 780px\" \/>\t\t\t\t\t\t\t\t\t\t\t\t\t\t\t<\/div>\n\t\t\t\t<\/div>\n\t\t\t\t<div class=\"elementor-element elementor-element-469dbd3 elementor-widget elementor-widget-ld_button\" data-id=\"469dbd3\" data-element_type=\"widget\" data-widget_type=\"ld_button.default\">\n\t\t\t\t<div class=\"elementor-widget-container\">\n\t\t\t\t\t\n\t\t\t<a\n\t\t\t\thref=\"https:\/\/pomasfriet.com\/tr\/cheesy-hot-dog\/\"class=\"elementor-button btn btn-solid btn-block btn-icon-shaped btn-has-label\"\t\t\t>\n\t\t\t\t\t\t\t\t\t<span data-text=\"Detaylar\u0131 G\u00f6r\u00fcnt\u00fcle\" class=\"btn-txt\">\n\t\t\t\t\t\tDetaylar\u0131 G\u00f6r\u00fcnt\u00fcle\t\t\t\t\t<\/span>\n\t\t\t\t\t\t\t\t\t\t\t<\/a>\n\t\t\t\t\t\t\t<\/div>\n\t\t\t\t<\/div>\n\t\t\t\t<\/div>\n\t\t<div class=\"elementor-element elementor-element-8ac3c91 e-con-full e-flex e-con e-child\" data-id=\"8ac3c91\" data-element_type=\"container\">\n\t\t\t\t<div class=\"elementor-element elementor-element-8337a69 elementor-widget elementor-widget-image\" data-id=\"8337a69\" data-element_type=\"widget\" data-widget_type=\"image.default\">\n\t\t\t\t<div class=\"elementor-widget-container\">\n\t\t\t\t\t\t\t\t\t\t\t\t\t\t\t<img loading=\"lazy\" decoding=\"async\" width=\"780\" height=\"780\" src=\"https:\/\/pomasfriet.com\/wp-content\/uploads\/2025\/02\/c-min-1024x1024.jpg\" class=\"attachment-large size-large wp-image-8146\" alt=\"\" srcset=\"https:\/\/pomasfriet.com\/wp-content\/uploads\/2025\/02\/c-min-1024x1024.jpg 1024w, https:\/\/pomasfriet.com\/wp-content\/uploads\/2025\/02\/c-min-300x300.jpg 300w, https:\/\/pomasfriet.com\/wp-content\/uploads\/2025\/02\/c-min-150x150.jpg 150w, https:\/\/pomasfriet.com\/wp-content\/uploads\/2025\/02\/c-min-1536x1536.jpg 1536w, https:\/\/pomasfriet.com\/wp-content\/uploads\/2025\/02\/c-min-2048x2048.jpg 2048w, https:\/\/pomasfriet.com\/wp-content\/uploads\/2025\/02\/c-min-320x320.jpg 320w, https:\/\/pomasfriet.com\/wp-content\/uploads\/2025\/02\/c-min-760x760.jpg 760w\" sizes=\"(max-width: 780px) 100vw, 780px\" \/>\t\t\t\t\t\t\t\t\t\t\t\t\t\t\t<\/div>\n\t\t\t\t<\/div>\n\t\t\t\t<div class=\"elementor-element elementor-element-269d365 elementor-widget elementor-widget-ld_button\" data-id=\"269d365\" data-element_type=\"widget\" data-widget_type=\"ld_button.default\">\n\t\t\t\t<div class=\"elementor-widget-container\">\n\t\t\t\t\t\n\t\t\t<a\n\t\t\t\thref=\"https:\/\/pomasfriet.com\/tr\/classic-hot-dog\/\"class=\"elementor-button btn btn-solid btn-block btn-icon-shaped btn-has-label\"\t\t\t>\n\t\t\t\t\t\t\t\t\t<span data-text=\"Detaylar\u0131 G\u00f6r\u00fcnt\u00fcle\" class=\"btn-txt\">\n\t\t\t\t\t\tDetaylar\u0131 G\u00f6r\u00fcnt\u00fcle\t\t\t\t\t<\/span>\n\t\t\t\t\t\t\t\t\t\t\t<\/a>\n\t\t\t\t\t\t\t<\/div>\n\t\t\t\t<\/div>\n\t\t\t\t<\/div>\n\t\t\t\t<\/div>\n\t\t\t\t<\/div>\n\t\t\t\t<\/div>\n\t\t","protected":false},"excerpt":{"rendered":"<p>Pomas Men\u00fc Detaylar\u0131 G\u00f6r\u00fcnt\u00fcle Detaylar\u0131 G\u00f6r\u00fcnt\u00fcle Detaylar\u0131 G\u00f6r\u00fcnt\u00fcle Detaylar\u0131 G\u00f6r\u00fcnt\u00fcle Detaylar\u0131 G\u00f6r\u00fcnt\u00fcle Detaylar\u0131 G\u00f6r\u00fcnt\u00fcle Detaylar\u0131 G\u00f6r\u00fcnt\u00fcle Detaylar\u0131 G\u00f6r\u00fcnt\u00fcle<\/p>\n","protected":false},"author":2,"featured_media":0,"parent":0,"menu_order":0,"comment_status":"closed","ping_status":"closed","template":"","meta":{"footnotes":""},"class_list":["post-6990","page","type-page","status-publish","hentry"],"_links":{"self":[{"href":"https:\/\/pomasfriet.com\/tr\/wp-json\/wp\/v2\/pages\/6990","targetHints":{"allow":["GET"]}}],"collection":[{"href":"https:\/\/pomasfriet.com\/tr\/wp-json\/wp\/v2\/pages"}],"about":[{"href":"https:\/\/pomasfriet.com\/tr\/wp-json\/wp\/v2\/types\/page"}],"author":[{"embeddable":true,"href":"https:\/\/pomasfriet.com\/tr\/wp-json\/wp\/v2\/users\/2"}],"replies":[{"embeddable":true,"href":"https:\/\/pomasfriet.com\/tr\/wp-json\/wp\/v2\/comments?post=6990"}],"version-history":[{"count":0,"href":"https:\/\/pomasfriet.com\/tr\/wp-json\/wp\/v2\/pages\/6990\/revisions"}],"wp:attachment":[{"href":"https:\/\/pomasfriet.com\/tr\/wp-json\/wp\/v2\/media?parent=6990"}],"curies":[{"name":"wp","href":"https:\/\/api.w.org\/{rel}","templated":true}]}}