{"id":9278,"date":"2024-12-08T16:44:25","date_gmt":"2024-12-08T13:44:25","guid":{"rendered":"https:\/\/pomasfriet.com\/location\/"},"modified":"2025-03-07T16:38:18","modified_gmt":"2025-03-07T13:38:18","slug":"location","status":"publish","type":"page","link":"https:\/\/pomasfriet.com\/en\/location\/","title":{"rendered":"Location"},"content":{"rendered":"\t\t<div data-elementor-type=\"wp-page\" data-elementor-id=\"9278\" class=\"elementor elementor-9278 elementor-6992\">\n\t\t\t\t<div class=\"elementor-element elementor-element-b912fc3 e-flex e-con-boxed e-con e-parent\" data-id=\"b912fc3\" data-element_type=\"container\" data-settings=\"{&quot;background_background&quot;:&quot;classic&quot;}\">\n\t\t\t\t\t<div class=\"e-con-inner\">\n\t\t\t\t<div class=\"elementor-element elementor-element-4081499 elementor-widget elementor-widget-hub_fancy_heading\" data-id=\"4081499\" data-element_type=\"widget\" data-widget_type=\"hub_fancy_heading.default\">\n\t\t\t\t<div class=\"elementor-widget-container\">\n\t\t\t\t\t\n\t\t<div id=\"ld-fancy-heading-69f621640aa99\" class=\"ld-fancy-heading pos-rel\">\n\t\t\t<h2 class=\"ld-fh-element d-inline-block pos-rel  elementor-heading-title lqd-highlight-classic lqd-highlight-grow-left h2\"  > Location\n\n\n\n\n\n<\/h2>\t\t<\/div>\n\n\t\t\t\t\t\t<\/div>\n\t\t\t\t<\/div>\n\t\t\t\t<div class=\"elementor-element elementor-element-54d5643 elementor-widget elementor-widget-hub_fancy_heading\" data-id=\"54d5643\" data-element_type=\"widget\" data-widget_type=\"hub_fancy_heading.default\">\n\t\t\t\t<div class=\"elementor-widget-container\">\n\t\t\t\t\t\n\t\t<div id=\"ld-fancy-heading-69f621640ad75\" class=\"ld-fancy-heading pos-rel\">\n\t\t\t<h2 class=\"ld-fh-element d-inline-block pos-rel  elementor-heading-title lqd-highlight-classic lqd-highlight-grow-left h2\"  > Pomas has you covered with locations in different spots in Istanbul, Antalya,and Samsun. No matter where you are, we're always close by, ready to satisfy your taste buds with the crispiest fries and more\u2026<\/h2>\t\t<\/div>\n\n\t\t\t\t\t\t<\/div>\n\t\t\t\t<\/div>\n\t\t\t\t\t<\/div>\n\t\t\t\t<\/div>\n\t\t<div class=\"elementor-element elementor-element-567edf8 e-flex e-con-boxed e-con e-parent\" data-id=\"567edf8\" data-element_type=\"container\">\n\t\t\t\t\t<div class=\"e-con-inner\">\n\t\t<div class=\"elementor-element elementor-element-24385e6 e-con-full e-flex e-con e-child\" data-id=\"24385e6\" data-element_type=\"container\" data-settings=\"{&quot;background_background&quot;:&quot;classic&quot;}\">\n\t\t\t\t<div class=\"elementor-element elementor-element-a644a63 elementor-widget elementor-widget-image\" data-id=\"a644a63\" data-element_type=\"widget\" data-widget_type=\"image.default\">\n\t\t\t\t<div class=\"elementor-widget-container\">\n\t\t\t\t\t\t\t\t\t\t\t\t\t\t\t<img fetchpriority=\"high\" decoding=\"async\" width=\"770\" height=\"1024\" src=\"https:\/\/pomasfriet.com\/wp-content\/uploads\/2025\/02\/besiktas-770x1024.jpg\" class=\"attachment-large size-large wp-image-8133\" alt=\"\" srcset=\"https:\/\/pomasfriet.com\/wp-content\/uploads\/2025\/02\/besiktas-770x1024.jpg 770w, https:\/\/pomasfriet.com\/wp-content\/uploads\/2025\/02\/besiktas-226x300.jpg 226w, https:\/\/pomasfriet.com\/wp-content\/uploads\/2025\/02\/besiktas.jpg 1029w\" sizes=\"(max-width: 770px) 100vw, 770px\" \/>\t\t\t\t\t\t\t\t\t\t\t\t\t\t\t<\/div>\n\t\t\t\t<\/div>\n\t\t\t\t<div class=\"elementor-element elementor-element-cd5a837 elementor-widget elementor-widget-hub_fancy_heading\" data-id=\"cd5a837\" data-element_type=\"widget\" data-widget_type=\"hub_fancy_heading.default\">\n\t\t\t\t<div class=\"elementor-widget-container\">\n\t\t\t\t\t\n\t\t<div id=\"ld-fancy-heading-69f621640af39\" class=\"ld-fancy-heading pos-rel\">\n\t\t\t<h2 class=\"ld-fh-element d-inline-block pos-rel  elementor-heading-title lqd-highlight-classic lqd-highlight-grow-left h2\"  > Cihann\u00fcma<br> Barbaros Blv. No: 8\/B, 34353 <br>Be\u015fikta\u015f\/\u0130STANBUL<\/h2>\t\t<\/div>\n\n\t\t\t\t\t\t<\/div>\n\t\t\t\t<\/div>\n\t\t\t\t<\/div>\n\t\t<div class=\"elementor-element elementor-element-12fa350 e-con-full e-flex e-con e-child\" data-id=\"12fa350\" data-element_type=\"container\" data-settings=\"{&quot;background_background&quot;:&quot;classic&quot;}\">\n\t\t\t\t<div class=\"elementor-element elementor-element-34e42af elementor-widget elementor-widget-image\" data-id=\"34e42af\" data-element_type=\"widget\" data-widget_type=\"image.default\">\n\t\t\t\t<div class=\"elementor-widget-container\">\n\t\t\t\t\t\t\t\t\t\t\t\t\t\t\t<img decoding=\"async\" width=\"770\" height=\"1024\" src=\"https:\/\/pomasfriet.com\/wp-content\/uploads\/2025\/02\/acarkent-770x1024.jpg\" class=\"attachment-large size-large wp-image-8139\" alt=\"\" srcset=\"https:\/\/pomasfriet.com\/wp-content\/uploads\/2025\/02\/acarkent-770x1024.jpg 770w, https:\/\/pomasfriet.com\/wp-content\/uploads\/2025\/02\/acarkent-226x300.jpg 226w, https:\/\/pomasfriet.com\/wp-content\/uploads\/2025\/02\/acarkent.jpg 1029w\" sizes=\"(max-width: 770px) 100vw, 770px\" \/>\t\t\t\t\t\t\t\t\t\t\t\t\t\t\t<\/div>\n\t\t\t\t<\/div>\n\t\t\t\t<div class=\"elementor-element elementor-element-d9c839f elementor-widget elementor-widget-hub_fancy_heading\" data-id=\"d9c839f\" data-element_type=\"widget\" data-widget_type=\"hub_fancy_heading.default\">\n\t\t\t\t<div class=\"elementor-widget-container\">\n\t\t\t\t\t\n\t\t<div id=\"ld-fancy-heading-69f621640b0f7\" class=\"ld-fancy-heading pos-rel\">\n\t\t\t<h2 class=\"ld-fh-element d-inline-block pos-rel  elementor-heading-title lqd-highlight-classic lqd-highlight-grow-left h2\"  >  Coliseum Acarkent <br> K\u0131s\u0131m, 9. Cd. No:1 Sitesi 3, 34820 <br>Beykoz\/\u0130STANBUL<\/h2>\t\t<\/div>\n\n\t\t\t\t\t\t<\/div>\n\t\t\t\t<\/div>\n\t\t\t\t<\/div>\n\t\t<div class=\"elementor-element elementor-element-6ae32af e-con-full e-flex e-con e-child\" data-id=\"6ae32af\" data-element_type=\"container\" data-settings=\"{&quot;background_background&quot;:&quot;classic&quot;}\">\n\t\t\t\t<div class=\"elementor-element elementor-element-3854a77 elementor-widget elementor-widget-image\" data-id=\"3854a77\" data-element_type=\"widget\" data-widget_type=\"image.default\">\n\t\t\t\t<div class=\"elementor-widget-container\">\n\t\t\t\t\t\t\t\t\t\t\t\t\t\t\t<img decoding=\"async\" width=\"770\" height=\"1024\" src=\"https:\/\/pomasfriet.com\/wp-content\/uploads\/2025\/02\/samsun-770x1024.jpg\" class=\"attachment-large size-large wp-image-8134\" alt=\"\" srcset=\"https:\/\/pomasfriet.com\/wp-content\/uploads\/2025\/02\/samsun-770x1024.jpg 770w, https:\/\/pomasfriet.com\/wp-content\/uploads\/2025\/02\/samsun-226x300.jpg 226w, https:\/\/pomasfriet.com\/wp-content\/uploads\/2025\/02\/samsun.jpg 1029w\" sizes=\"(max-width: 770px) 100vw, 770px\" \/>\t\t\t\t\t\t\t\t\t\t\t\t\t\t\t<\/div>\n\t\t\t\t<\/div>\n\t\t\t\t<div class=\"elementor-element elementor-element-c931c93 elementor-widget elementor-widget-hub_fancy_heading\" data-id=\"c931c93\" data-element_type=\"widget\" data-widget_type=\"hub_fancy_heading.default\">\n\t\t\t\t<div class=\"elementor-widget-container\">\n\t\t\t\t\t\n\t\t<div id=\"ld-fancy-heading-69f621640b2b6\" class=\"ld-fancy-heading pos-rel\">\n\t\t\t<h2 class=\"ld-fh-element d-inline-block pos-rel  elementor-heading-title lqd-highlight-classic lqd-highlight-grow-left h2\"  > K\u00f6rfez<br>Mehmet \u00c7ak\u0131r Cd. No:9\/3, 55270 <br>Atakum\/SAMSUN<\/h2>\t\t<\/div>\n\n\t\t\t\t\t\t<\/div>\n\t\t\t\t<\/div>\n\t\t\t\t<\/div>\n\t\t<div class=\"elementor-element elementor-element-5e36373 e-con-full e-flex e-con e-child\" data-id=\"5e36373\" data-element_type=\"container\" data-settings=\"{&quot;background_background&quot;:&quot;classic&quot;}\">\n\t\t\t\t<div class=\"elementor-element elementor-element-9914294 elementor-widget elementor-widget-image\" data-id=\"9914294\" data-element_type=\"widget\" data-widget_type=\"image.default\">\n\t\t\t\t<div class=\"elementor-widget-container\">\n\t\t\t\t\t\t\t\t\t\t\t\t\t\t\t<img loading=\"lazy\" decoding=\"async\" width=\"770\" height=\"1024\" src=\"https:\/\/pomasfriet.com\/wp-content\/uploads\/2025\/02\/treecty-antalya-770x1024.jpg\" class=\"attachment-large size-large wp-image-8135\" alt=\"\" srcset=\"https:\/\/pomasfriet.com\/wp-content\/uploads\/2025\/02\/treecty-antalya-770x1024.jpg 770w, https:\/\/pomasfriet.com\/wp-content\/uploads\/2025\/02\/treecty-antalya-226x300.jpg 226w, https:\/\/pomasfriet.com\/wp-content\/uploads\/2025\/02\/treecty-antalya.jpg 1029w\" sizes=\"(max-width: 770px) 100vw, 770px\" \/>\t\t\t\t\t\t\t\t\t\t\t\t\t\t\t<\/div>\n\t\t\t\t<\/div>\n\t\t\t\t<div class=\"elementor-element elementor-element-fa4ba27 elementor-widget elementor-widget-hub_fancy_heading\" data-id=\"fa4ba27\" data-element_type=\"widget\" data-widget_type=\"hub_fancy_heading.default\">\n\t\t\t\t<div class=\"elementor-widget-container\">\n\t\t\t\t\t\n\t\t<div id=\"ld-fancy-heading-69f621640b466\" class=\"ld-fancy-heading pos-rel\">\n\t\t\t<h2 class=\"ld-fh-element d-inline-block pos-rel  elementor-heading-title lqd-highlight-classic lqd-highlight-grow-left h2\"  > TerraCity - Fener<br>Tekelio\u011flu Cd. No:55, 07160 <br>Muratpa\u015fa\/ANTALYA<\/h2>\t\t<\/div>\n\n\t\t\t\t\t\t<\/div>\n\t\t\t\t<\/div>\n\t\t\t\t<\/div>\n\t\t\t\t\t<\/div>\n\t\t\t\t<\/div>\n\t\t<div class=\"elementor-element elementor-element-b585260 e-flex e-con-boxed e-con e-parent\" data-id=\"b585260\" data-element_type=\"container\">\n\t\t\t\t\t<div class=\"e-con-inner\">\n\t\t\t\t<div class=\"elementor-element elementor-element-bf1bdb1 elementor-widget elementor-widget-spacer\" data-id=\"bf1bdb1\" data-element_type=\"widget\" data-widget_type=\"spacer.default\">\n\t\t\t\t<div class=\"elementor-widget-container\">\n\t\t\t\t\t\t\t<div class=\"elementor-spacer\">\n\t\t\t<div class=\"elementor-spacer-inner\"><\/div>\n\t\t<\/div>\n\t\t\t\t\t\t<\/div>\n\t\t\t\t<\/div>\n\t\t\t\t\t<\/div>\n\t\t\t\t<\/div>\n\t\t\t\t<\/div>\n\t\t","protected":false},"excerpt":{"rendered":"<p>Location Pomas has you covered with locations in different spots in Istanbul, Antalya,and Samsun. No matter where you are, we&#8217;re always close by, ready to satisfy your taste buds with the crispiest fries and more\u2026 Cihann\u00fcma Barbaros Blv. No: 8\/B, 34353 Be\u015fikta\u015f\/\u0130STANBUL Coliseum Acarkent K\u0131s\u0131m, 9. Cd. No:1 Sitesi 3, 34820 Beykoz\/\u0130STANBUL K\u00f6rfez Mehmet \u00c7ak\u0131r [&hellip;]<\/p>\n","protected":false},"author":2,"featured_media":0,"parent":0,"menu_order":0,"comment_status":"closed","ping_status":"closed","template":"","meta":{"footnotes":""},"class_list":["post-9278","page","type-page","status-publish","hentry"],"_links":{"self":[{"href":"https:\/\/pomasfriet.com\/en\/wp-json\/wp\/v2\/pages\/9278","targetHints":{"allow":["GET"]}}],"collection":[{"href":"https:\/\/pomasfriet.com\/en\/wp-json\/wp\/v2\/pages"}],"about":[{"href":"https:\/\/pomasfriet.com\/en\/wp-json\/wp\/v2\/types\/page"}],"author":[{"embeddable":true,"href":"https:\/\/pomasfriet.com\/en\/wp-json\/wp\/v2\/users\/2"}],"replies":[{"embeddable":true,"href":"https:\/\/pomasfriet.com\/en\/wp-json\/wp\/v2\/comments?post=9278"}],"version-history":[{"count":0,"href":"https:\/\/pomasfriet.com\/en\/wp-json\/wp\/v2\/pages\/9278\/revisions"}],"wp:attachment":[{"href":"https:\/\/pomasfriet.com\/en\/wp-json\/wp\/v2\/media?parent=9278"}],"curies":[{"name":"wp","href":"https:\/\/api.w.org\/{rel}","templated":true}]}}